{"id":4,"date":"2012-11-26T11:35:54","date_gmt":"2012-11-26T11:35:54","guid":{"rendered":"https:\/\/domus-ec.com\/?page_id=4"},"modified":"2013-04-02T08:46:27","modified_gmt":"2013-04-02T08:46:27","slug":"quienes-somos","status":"publish","type":"page","link":"https:\/\/domus-ec.com\/?page_id=4","title":{"rendered":"Qui\u00e9nes Somos"},"content":{"rendered":"<p><a href=\"https:\/\/domus-ec.com\/wp-content\/uploads\/2012\/11\/Navarredonda_Salon1.jpg\"><img loading=\"lazy\" class=\"alignleft size-full wp-image-54\" title=\"Navarredonda_Salon\" src=\"https:\/\/domus-ec.com\/wp-content\/uploads\/2012\/11\/Navarredonda_Salon1.jpg\" alt=\"\" width=\"860\" height=\"450\" srcset=\"https:\/\/domus-ec.com\/wp-content\/uploads\/2012\/11\/Navarredonda_Salon1.jpg 860w, https:\/\/domus-ec.com\/wp-content\/uploads\/2012\/11\/Navarredonda_Salon1-300x156.jpg 300w\" sizes=\"(max-width: 860px) 100vw, 860px\" \/><\/a><\/p>\n<p>Domus es una firma especializada en el desarrollo de proyectos inmobiliarios en toda su extensi\u00f3n. Desde la gesti\u00f3n y el desarrollo urban\u00edstico, pasando por el dise\u00f1o de proyectos para su posterior construcci\u00f3n y comercializaci\u00f3n.<\/p>\n","protected":false},"excerpt":{"rendered":"<p>Domus es una firma especializada en el desarrollo de proyectos inmobiliarios en toda su extensi\u00f3n. Desde la gesti\u00f3n y el&hellip;<\/p>\n","protected":false},"author":1,"featured_media":0,"parent":0,"menu_order":0,"comment_status":"closed","ping_status":"closed","template":"","meta":[],"_links":{"self":[{"href":"https:\/\/domus-ec.com\/index.php?rest_route=\/wp\/v2\/pages\/4"}],"collection":[{"href":"https:\/\/domus-ec.com\/index.php?rest_route=\/wp\/v2\/pages"}],"about":[{"href":"https:\/\/domus-ec.com\/index.php?rest_route=\/wp\/v2\/types\/page"}],"author":[{"embeddable":true,"href":"https:\/\/domus-ec.com\/index.php?rest_route=\/wp\/v2\/users\/1"}],"replies":[{"embeddable":true,"href":"https:\/\/domus-ec.com\/index.php?rest_route=%2Fwp%2Fv2%2Fcomments&post=4"}],"version-history":[{"count":10,"href":"https:\/\/domus-ec.com\/index.php?rest_route=\/wp\/v2\/pages\/4\/revisions"}],"predecessor-version":[{"id":6,"href":"https:\/\/domus-ec.com\/index.php?rest_route=\/wp\/v2\/pages\/4\/revisions\/6"}],"wp:attachment":[{"href":"https:\/\/domus-ec.com\/index.php?rest_route=%2Fwp%2Fv2%2Fmedia&parent=4"}],"curies":[{"name":"wp","href":"https:\/\/api.w.org\/{rel}","templated":true}]}}